{"id":8998,"date":"2020-11-19T15:02:30","date_gmt":"2020-11-19T14:02:30","guid":{"rendered":"https:\/\/www.neeb-werbesysteme.de\/news\/?page_id=8998"},"modified":"2024-02-01T09:20:28","modified_gmt":"2024-02-01T08:20:28","slug":"druckvorgaben-folienplotts","status":"publish","type":"page","link":"https:\/\/www.neeb-werbesysteme.de\/news\/daten\/druckvorgaben-folienplotts\/","title":{"rendered":"Druckvorgaben Folienplotts"},"content":{"rendered":"<p>Sie finden hier Informationen wie Sie Druckdaten f\u00fcr Plott &amp; Konturschnitt anlegen k\u00f6nnen, ohne weitere Bearbeitungskosten zu verursachen. <span id=\"more-108\"><\/span>Keine Sorge, ein Standard Datencheck (kostenlos) f\u00fcr gestellten Druckdaten ist bei uns immer inklusive. Sollten Sie sich nicht sicher sein, helfen wir Ihnen gerne mit dem Datencheck Profi (kostenpflichtig). Wenn Sie Probleme bei der Erstellung der Daten haben dann fragen Sie nach unserem Satz- und Layoutservice.<\/p>\n<h2>Dateiformate<\/h2>\n<p>Wir ben\u00f6tigen Ihre Daten im Dateiformat AI (Adobe Illustrator), EPS, PDF (ab Version 1.3), CDR (Schriften\/Texte in Pfade gewandelt und verkn\u00fcpfte Dateien mitgeliefert).<\/p>\n<h2>Aufl\u00f6sung &amp; Layout<\/h2>\n<p>Legen Sie Ihre Daten in Originalgr\u00f6\u00dfe (Ma\u00dfstab 1:1) an.<\/p>\n<p>Bitte legen Sie keinen zus\u00e4tzlichen Beschnitt an. Schnittmarken, Farbkontrollstreifen, Passkreuze etc. sollen nicht verwendet werden. Alle Schriften m\u00fcssen immer in Pfade\/Kurven konvertiert sein.<\/p>\n<h2>Anschnitt<\/h2>\n<p>Beim Plotten ist kein Anschnitt anzulegen. Bei Konturschnitt ist ein Anschnitt von 3,0 mm erforderlich welcher durch Schneidmarken zu kennzeichnen ist. Der Beschneidungspfad muss ein Vektorobjekt sein. Die maximale Druckbreite bei Konturschnitt betr\u00e4gt 1000 mm. Achten Sie auf einen m\u00f6glichen Versatz von 2-3 mm nach Au\u00dfen und Innen.<\/p>\n<h2>Weitere Informationen<\/h2>\n<p>Digitaldrucke, Plots und Konturschnitte werden nach Ihrer druckfertigen Vorlage erstellt. F\u00fcr die Inhalte und deren Richtigkeit \u00fcbernehmen wir keine Haftung. Eventuelle Verletzungen von Urheber- und Schutzrechten gehen zu Lasten des Bestellers. Die von Ihnen gestellten Daten werden vor der Weiterverarbeitung anhand verschiedener Kriterien auf Eignung f\u00fcr das jeweilige Herstellungsverfahren \u00fcberpr\u00fcft. Sollten wir feststellen, dass Ihre Daten nicht geeignet bzw. fehlerhaft sind, werden Sie umgehend von uns informiert um die weitere Vorgehensweise zu kl\u00e4ren.<\/p>\n","protected":false},"excerpt":{"rendered":"<p>Sie finden hier Informationen wie Sie Druckdaten f\u00fcr Plott &amp; Konturschnitt anlegen k\u00f6nnen, ohne weitere Bearbeitungskosten zu verursachen. Keine Sorge, ein Standard Datencheck (kostenlos) f\u00fcr gestellten Druckdaten ist bei uns immer inklusive. Sollten Sie sich nicht sicher sein, helfen wir Ihnen gerne mit dem Datencheck Profi (kostenpflichtig). Wenn Sie Probleme bei der Erstellung der Daten [&hellip;]<\/p>\n","protected":false},"author":1,"featured_media":0,"parent":1617,"menu_order":0,"comment_status":"closed","ping_status":"closed","template":"","meta":{"_acf_changed":false,"footnotes":""},"class_list":["post-8998","page","type-page","status-publish"],"acf":[],"_links":{"self":[{"href":"https:\/\/www.neeb-werbesysteme.de\/news\/wp-json\/wp\/v2\/pages\/8998","targetHints":{"allow":["GET"]}}],"collection":[{"href":"https:\/\/www.neeb-werbesysteme.de\/news\/wp-json\/wp\/v2\/pages"}],"about":[{"href":"https:\/\/www.neeb-werbesysteme.de\/news\/wp-json\/wp\/v2\/types\/page"}],"author":[{"embeddable":true,"href":"https:\/\/www.neeb-werbesysteme.de\/news\/wp-json\/wp\/v2\/users\/1"}],"replies":[{"embeddable":true,"href":"https:\/\/www.neeb-werbesysteme.de\/news\/wp-json\/wp\/v2\/comments?post=8998"}],"version-history":[{"count":2,"href":"https:\/\/www.neeb-werbesysteme.de\/news\/wp-json\/wp\/v2\/pages\/8998\/revisions"}],"predecessor-version":[{"id":10117,"href":"https:\/\/www.neeb-werbesysteme.de\/news\/wp-json\/wp\/v2\/pages\/8998\/revisions\/10117"}],"up":[{"embeddable":true,"href":"https:\/\/www.neeb-werbesysteme.de\/news\/wp-json\/wp\/v2\/pages\/1617"}],"wp:attachment":[{"href":"https:\/\/www.neeb-werbesysteme.de\/news\/wp-json\/wp\/v2\/media?parent=8998"}],"curies":[{"name":"wp","href":"https:\/\/api.w.org\/{rel}","templated":true}]}}