{"id":78,"date":"2011-02-15T12:03:33","date_gmt":"2011-02-15T10:03:33","guid":{"rendered":"https:\/\/www.neeb-werbesysteme.de\/kalkulieren-anfragen\/"},"modified":"2020-11-17T16:39:23","modified_gmt":"2020-11-17T15:39:23","slug":"bestellen-bezahlen","status":"publish","type":"page","link":"https:\/\/www.neeb-werbesysteme.de\/news\/bestellen-bezahlen\/","title":{"rendered":"Bestellen &#038; Bezahlen"},"content":{"rendered":"<p>Sie erhalten von uns unverbindliche und kostenlose Angebote im PDF-Format per E-Mail. Bestellungen sind per E-Mail, Fax oder Telefon m\u00f6glich. Ihre Bestellung wird gepr\u00fcft und Sie erhalten je nach Zahlungsmodalit\u00e4t eine Proforma-Rechnung oder Auftragsbest\u00e4tigung. Geben Sie bitte bei allen Zahlungen als Verwendungszweck Ihre Auftrags- bzw. Rechnungsnummer an.<\/p>\n<h2><img loading=\"lazy\" decoding=\"async\" class=\" wp-image-8975 alignright\" src=\"https:\/\/www.neeb-werbesysteme.de\/news\/uploads\/PayPal.me-Logo.png\" alt=\"PayPal.me-Logo\" width=\"192\" height=\"131\" srcset=\"https:\/\/www.neeb-werbesysteme.de\/news\/uploads\/PayPal.me-Logo.png 430w, https:\/\/www.neeb-werbesysteme.de\/news\/uploads\/PayPal.me-Logo-300x204.png 300w\" sizes=\"auto, (max-width: 192px) 100vw, 192px\" \/>PayPal Zahlung<small><\/small><\/h2>\n<p>Folgen Sie dem Link um Ihre PayPal-Zahlung an Neeb Werbesysteme GmbH &amp; Co. KG vorzunehmen:<br \/>\n<strong><a href=\"https:\/\/www.paypal.com\/paypalme\/NeebWerbesysteme\/\" target=\"_blank\" rel=\"noopener noreferrer\">https:\/\/www.paypal.com\/paypalme\/NeebWerbesysteme\/<\/a><\/strong><\/p>\n<h2>Vorauskasse<\/h2>\n<p>Beim Kauf per Vorkasse erhalten Sie eine Auftragsbest\u00e4tigung\/Proforma-Rechnung mit Ihrer Auftrags- und Kundennummer. Nehmen Sie die Zahlung vor und \u00fcbermitteln Sie uns eine Zahlungsbest\u00e4tigung per E-Mail oder Fax, die entsprechenden Kontaktdaten finden Sie auf der Best\u00e4tigung.<\/p>\n<h2>Kauf auf Rechnung<\/h2>\n<p>Beim Kauf auf Rechnung werden die vereinbarten Zahlungskonditionen hinterlegt. Diese finden Sie stets auf allen Angeboten, Auftragsbest\u00e4tigungen und Rechnungen.<\/p>\n<div class=\"su-accordion su-u-trim zm_accordion\">\n<div class=\"su-spoiler su-spoiler-style-default su-spoiler-icon-plus kontakt-spoiler su-spoiler-closed\" data-scroll-offset=\"0\" data-anchor-in-url=\"no\"><div class=\"su-spoiler-title\" tabindex=\"0\" role=\"button\"><span class=\"su-spoiler-icon\"><\/span>HAMMELBURG (Bayern)<\/div><div class=\"su-spoiler-content su-u-clearfix su-u-trim\">\n<h3>Hammelburg (Bayern)<\/h3>\n<p><strong>Einkauf \u00b7 Verkauf \u00b7 Fertigung<\/strong><br \/>\nNEEB Werbesysteme GmbH &amp; Co. KG<strong><br \/>\n<\/strong>Kissinger Stra\u00dfe 58<br \/>\n97762 Hammelburg<br \/>\nTelefon +49 9732 91310<br \/>\nFax +49 9732 913131<br \/>\nE-Mail <a title=\"E-Mail an Neeb Werbesysteme Hammelburg\" href=\"mailto:hab@neeb-werbesysteme.de\" target=\"_parent\" rel=\"noopener noreferrer\">hab@neeb-werbesysteme.de<\/a><br \/>\n<div class=\"su-service\"><div class=\"su-service-title\" style=\"padding-left:48px;min-height:34px;line-height:34px\"><i class=\"sui sui-facebook-square\" style=\"font-size:34px;color:#17469E\"><\/i> Neeb Werbesysteme HAMMELBURG bei Facebook<\/div><div class=\"su-service-content su-u-clearfix su-u-trim\" style=\"padding-left:48px\"><a title=\"Neeb Werbesysteme Hammelburg bei Facebook\" href=\"https:\/\/www.facebook.com\/neeb.werbesysteme.hammelburg\/\" target=\"_blank\" rel=\"noopener noreferrer\">facebook.com\/neeb.werbesysteme.hammelburg<\/a><\/div><\/div>\n<p><strong>Gesch\u00e4ftszeiten Montag bis Donnerstag:<\/strong><br \/>\nVormittags von 08:00 &#8211; 12:00 Uhr<br \/>\nNachmittags von 13:00 &#8211; 17:00 Uhr<\/p>\n<p><strong>Gesch\u00e4ftszeiten Freitag:<\/strong><br \/>\nVormittags von 08:00 &#8211; 12:00 Uhr<br \/>\nNachmittags von 13:00 &#8211; 15:00 Uhr<\/p>\n<\/div><\/div>\n<div class=\"su-spoiler su-spoiler-style-default su-spoiler-icon-plus kontakt-spoiler su-spoiler-closed\" data-scroll-offset=\"0\" data-anchor-in-url=\"no\"><div class=\"su-spoiler-title\" tabindex=\"0\" role=\"button\"><span class=\"su-spoiler-icon\"><\/span>HILDBURGHAUSEN (Th\u00fcringen)<\/div><div class=\"su-spoiler-content su-u-clearfix su-u-trim\">\n<h3>Hildburghausen (Th\u00fcringen)<\/h3>\n<p><strong>Verkauf \u00b7 Fertigung<\/strong><br \/>\nNEEB Werbesysteme e. K.<strong><br \/>\n<\/strong>Wiesenstra\u00dfe 14<br \/>\n98646 Hildburghausen<br \/>\nTelefon +49 3685 410017<br \/>\nFax +49 3685 410018<br \/>\nE-Mail <a title=\"E-Mail an Neeb Werbesysteme Hildburghausen\" href=\"mailto:hbn@neeb-werbesysteme.de\" target=\"_parent\" rel=\"noopener noreferrer\">hbn@neeb-werbesysteme.de<\/a><br \/>\n<div class=\"su-service\"><div class=\"su-service-title\" style=\"padding-left:48px;min-height:34px;line-height:34px\"><i class=\"sui sui-facebook-square\" style=\"font-size:34px;color:#17469E\"><\/i> Neeb Werbesysteme HILDBURGHAUSEN bei Facebook<\/div><div class=\"su-service-content su-u-clearfix su-u-trim\" style=\"padding-left:48px\"><a title=\"Neeb Werbesysteme Hildburghausen bei Facebook\" href=\"https:\/\/www.facebook.com\/neeb.werbesysteme.hildburghausen\/\" target=\"_blank\" rel=\"noopener noreferrer\">facebook.com\/neeb.werbesysteme.hildburghausen<\/a><\/div><\/div>\n<p><strong>Gesch\u00e4ftszeiten Montag bis Donnerstag:<\/strong><br \/>\nVormittags von 08:00 &#8211; 12:00 Uhr<br \/>\nNachmittags von 13:00 &#8211; 17:00 Uhr<\/p>\n<p><strong>Gesch\u00e4ftszeiten Freitag:<\/strong><br \/>\nVormittags von 08:00 &#8211; 12:00 Uhr<br \/>\nNachmittags von 13:00 &#8211; 15:00 Uhr<\/p>\n<\/div><\/div>\n<div class=\"su-spoiler su-spoiler-style-default su-spoiler-icon-plus kontakt-spoiler\" data-scroll-offset=\"0\" data-anchor-in-url=\"no\"><div class=\"su-spoiler-title\" tabindex=\"0\" role=\"button\"><span class=\"su-spoiler-icon\"><\/span>KONTAKTFORMULAR<\/div><div class=\"su-spoiler-content su-u-clearfix su-u-trim\"> \n<div class=\"wpcf7 no-js\" id=\"wpcf7-f7272-o1\" lang=\"en-US\" dir=\"ltr\" data-wpcf7-id=\"7272\">\n<div class=\"screen-reader-response\"><p role=\"status\" aria-live=\"polite\" aria-atomic=\"true\"><\/p> <ul><\/ul><\/div>\n<form action=\"\/news\/wp-json\/wp\/v2\/pages\/78#wpcf7-f7272-o1\" method=\"post\" class=\"wpcf7-form init\" aria-label=\"Contact form\" novalidate=\"novalidate\" data-status=\"init\">\n<fieldset class=\"hidden-fields-container\"><input type=\"hidden\" name=\"_wpcf7\" value=\"7272\" \/><input type=\"hidden\" name=\"_wpcf7_version\" value=\"6.1.5\" \/><input type=\"hidden\" name=\"_wpcf7_locale\" value=\"en_US\" \/><input type=\"hidden\" name=\"_wpcf7_unit_tag\" value=\"wpcf7-f7272-o1\" \/><input type=\"hidden\" name=\"_wpcf7_container_post\" value=\"0\" \/><input type=\"hidden\" name=\"_wpcf7_posted_data_hash\" value=\"\" \/><input type=\"hidden\" name=\"_wpcf7cf_hidden_group_fields\" value=\"[]\" \/><input type=\"hidden\" name=\"_wpcf7cf_hidden_groups\" value=\"[]\" \/><input type=\"hidden\" name=\"_wpcf7cf_visible_groups\" value=\"[]\" \/><input type=\"hidden\" name=\"_wpcf7cf_repeaters\" value=\"[]\" \/><input type=\"hidden\" name=\"_wpcf7cf_steps\" value=\"{}\" \/><input type=\"hidden\" name=\"_wpcf7cf_options\" value=\"{&quot;form_id&quot;:7272,&quot;conditions&quot;:[{&quot;then_field&quot;:&quot;group-mehr-daten&quot;,&quot;and_rules&quot;:[{&quot;if_field&quot;:&quot;checkbox-mehr-daten&quot;,&quot;operator&quot;:&quot;equals&quot;,&quot;if_value&quot;:&quot;mehr Daten - freiwillig&quot;}]},{&quot;then_field&quot;:&quot;group-lieferanschrift&quot;,&quot;and_rules&quot;:[{&quot;if_field&quot;:&quot;checkbox-lieferanschrift&quot;,&quot;operator&quot;:&quot;equals&quot;,&quot;if_value&quot;:&quot;abweichende Lieferanschrift - freiwillig&quot;}]}],&quot;settings&quot;:{&quot;animation&quot;:&quot;yes&quot;,&quot;animation_intime&quot;:200,&quot;animation_outtime&quot;:200,&quot;conditions_ui&quot;:&quot;normal&quot;,&quot;notice_dismissed&quot;:false,&quot;notice_dismissed_rollback-cf7-5.3.2&quot;:true,&quot;notice_dismissed_rollback-cf7-5.4&quot;:true,&quot;notice_dismissed_rollback-cf7-5.4.1&quot;:true,&quot;notice_dismissed_rollback-cf7-5.8.7&quot;:true,&quot;notice_dismissed_rollback-cf7-5.9.2&quot;:true}}\" \/><input type=\"hidden\" name=\"_wpcf7dtx_version\" value=\"5.0.5\" \/>\n<\/fieldset>\n<p class=\"displaynone\">Kontakt\/Anfrage <span class=\"wpcf7-form-control-wrap cftitle\" data-name=\"cftitle\"><input type=\"text\" name=\"cftitle\" class=\"wpcf7-form-control wpcf7-text wpcf7dtx wpcf7dtx-text\" aria-invalid=\"false\" value=\"Bestellen &amp; Bezahlen\"><\/span>\n<span class=\"wpcf7-form-control-wrap cfurl\" data-name=\"cfurl\"><input type=\"hidden\" name=\"cfurl\" class=\"wpcf7-form-control wpcf7-hidden wpcf7dtx wpcf7dtx-hidden\" aria-invalid=\"false\" value=\"https:\/\/www.neeb-werbesysteme.de\/news\/news\/wp-json\/wp\/v2\/pages\/78\"><\/span>\n<span class=\"wpcf7-form-control-wrap artnr\" data-name=\"artnr\"><input type=\"hidden\" name=\"artnr\" class=\"wpcf7-form-control wpcf7-hidden wpcf7dtx wpcf7dtx-hidden\" aria-invalid=\"false\"><\/span>\n<\/p>\n<p><strong>NAME \/ FIRMA<\/strong><small>(Pflichtfeld)<\/small><br \/>\n<span class=\"wpcf7-form-control-wrap\" data-name=\"your-name\"><input size=\"40\" maxlength=\"400\" class=\"wpcf7-form-control wpcf7-text wpcf7-validates-as-required\" aria-required=\"true\" aria-invalid=\"false\" value=\"\" type=\"text\" name=\"your-name\" \/><\/span>\n<\/p>\n<p><span id=\"wpcf7-69f1ca7163378-wrapper\" class=\"wpcf7-form-control-wrap firmenadresse-wrap\" ><input type=\"hidden\" name=\"firmenadresse-time-start\" value=\"1777453681\"><input type=\"hidden\" name=\"firmenadresse-time-check\" value=\"4\"><input id=\"wpcf7-69f1ca7163378-field\"  class=\"wpcf7-form-control wpcf7-text\" type=\"text\" name=\"firmenadresse\" value=\"\" size=\"40\" tabindex=\"-1\" autocomplete=\"new-password\" \/><\/span>\n<\/p>\n<p><strong>E-MAIL<\/strong><small>(Pflichtfeld)<\/small><br \/>\n<span class=\"wpcf7-form-control-wrap\" data-name=\"email\"><input size=\"40\" maxlength=\"400\" class=\"wpcf7-form-control wpcf7-email wpcf7-validates-as-required wpcf7-text wpcf7-validates-as-email\" aria-required=\"true\" aria-invalid=\"false\" value=\"\" type=\"email\" name=\"email\" \/><\/span>\n<\/p>\n<p><span id=\"wpcf7-69f1ca716347e-wrapper\" class=\"wpcf7-form-control-wrap emailadresse-wrap\" ><input type=\"hidden\" name=\"emailadresse-time-start\" value=\"1777453681\"><input type=\"hidden\" name=\"emailadresse-time-check\" value=\"4\"><input id=\"wpcf7-69f1ca716347e-field\"  class=\"wpcf7-form-control wpcf7-text\" type=\"text\" name=\"emailadresse\" value=\"\" size=\"40\" tabindex=\"-1\" autocomplete=\"new-password\" \/><\/span>\n<\/p>\n<p><strong>TELEFON \/ HANDY<\/strong><small>(Pflichtfeld)<\/small><br \/>\n<span class=\"wpcf7-form-control-wrap\" data-name=\"telefon\"><input size=\"40\" maxlength=\"400\" class=\"wpcf7-form-control wpcf7-text wpcf7-validates-as-required\" aria-required=\"true\" aria-invalid=\"false\" value=\"\" type=\"text\" name=\"telefon\" \/><\/span>\n<\/p>\n<div style=\"text-align:center;background: #FF0; padding: 10px; margin-right: 42px; margin-bottom: 25px;border:2px solid #17469e;border-radius: 5px;color: #17469e;\">\n\t<p><label>Sie k\u00f6nnen hier <strong>weitere Daten<\/strong> angeben, diese k\u00f6nnen f\u00fcr eine schnelle Bearbeitung Ihrer Anfrage erforderlich sein (z.B. komplette Firmenanschrift zur Angebotserstellung).<span class=\"wpcf7-form-control-wrap\" data-name=\"checkbox-mehr-daten\"><span class=\"wpcf7-form-control wpcf7-checkbox wpcf7-exclusive-checkbox\"><span class=\"wpcf7-list-item first last\"><label><input type=\"checkbox\" name=\"checkbox-mehr-daten\" value=\"mehr Daten - freiwillig\" \/><span class=\"wpcf7-list-item-label\">mehr Daten - freiwillig<\/span><\/label><\/span><\/span><\/span><\/label>\n\t<\/p>\n\t<div data-id=\"group-mehr-daten\" data-orig_data_id=\"group-mehr-daten\"  class=\"\" data-class=\"wpcf7cf_group\">\n\t\t<p><strong>STRASSE + NR.<\/strong><br \/>\n<span class=\"wpcf7-form-control-wrap\" data-name=\"strasse\"><input size=\"40\" maxlength=\"400\" class=\"wpcf7-form-control wpcf7-text\" aria-invalid=\"false\" value=\"\" type=\"text\" name=\"strasse\" \/><\/span>\n\t\t<\/p>\n\t\t<p><strong>PLZ + ORT<\/strong><br \/>\n<span class=\"wpcf7-form-control-wrap\" data-name=\"ort\"><input size=\"40\" maxlength=\"400\" class=\"wpcf7-form-control wpcf7-text\" aria-invalid=\"false\" value=\"\" type=\"text\" name=\"ort\" \/><\/span>\n\t\t<\/p>\n\t\t<p><strong>KUNDENNUMMER<\/strong><small>(falls vorhanden)<\/small><span class=\"wpcf7-form-control-wrap\" data-name=\"kundennummer\"><input size=\"40\" maxlength=\"400\" class=\"wpcf7-form-control wpcf7-text\" aria-invalid=\"false\" value=\"\" type=\"text\" name=\"kundennummer\" \/><\/span>\n\t\t<\/p>\n\t\t<p><label>Sie k\u00f6nnen hier eine <strong>abweichende Lieferanschrift<\/strong> angeben, diese kann zur Angebotserstellung erforderlich sein (z.B. Berechnung von Lieferkosten).<span class=\"wpcf7-form-control-wrap\" data-name=\"checkbox-lieferanschrift\"><span class=\"wpcf7-form-control wpcf7-checkbox wpcf7-exclusive-checkbox\"><span class=\"wpcf7-list-item first last\"><label><input type=\"checkbox\" name=\"checkbox-lieferanschrift\" value=\"abweichende Lieferanschrift - freiwillig\" \/><span class=\"wpcf7-list-item-label\">abweichende Lieferanschrift - freiwillig<\/span><\/label><\/span><\/span><\/span><\/label>\n\t\t<\/p>\n\t\t<div data-id=\"group-lieferanschrift\" data-orig_data_id=\"group-lieferanschrift\"  class=\"\" data-class=\"wpcf7cf_group\">\n\t\t\t<p><strong>NAME \/ FIRMA<\/strong><small>(Lieferanschrift)<\/small><br \/>\n<span class=\"wpcf7-form-control-wrap\" data-name=\"firma-lieferanschrift\"><input size=\"40\" maxlength=\"400\" class=\"wpcf7-form-control wpcf7-text\" aria-invalid=\"false\" value=\"\" type=\"text\" name=\"firma-lieferanschrift\" \/><\/span>\n\t\t\t<\/p>\n\t\t\t<p><strong>STRASSE + NR.<\/strong><small>(Lieferanschrift)<\/small><br \/>\n<span class=\"wpcf7-form-control-wrap\" data-name=\"strasse-lieferanschrift\"><input size=\"40\" maxlength=\"400\" class=\"wpcf7-form-control wpcf7-text\" aria-invalid=\"false\" value=\"\" type=\"text\" name=\"strasse-lieferanschrift\" \/><\/span>\n\t\t\t<\/p>\n\t\t\t<p><strong>PLZ + ORT<\/strong><small>(Lieferanschrift)<\/small><br \/>\n<span class=\"wpcf7-form-control-wrap\" data-name=\"ort-lieferanschrift\"><input size=\"40\" maxlength=\"400\" class=\"wpcf7-form-control wpcf7-text\" aria-invalid=\"false\" value=\"\" type=\"text\" name=\"ort-lieferanschrift\" \/><\/span>\n\t\t\t<\/p>\n\t\t<\/div>\n\t<\/div>\n<\/div>\n<p><strong>NACHRICHT<\/strong><small>(Pflichtfeld)<\/small><br \/>\n<span class=\"wpcf7-form-control-wrap\" data-name=\"nachricht\"><textarea cols=\"40\" rows=\"10\" maxlength=\"2000\" class=\"wpcf7-form-control wpcf7-textarea wpcf7-validates-as-required\" aria-required=\"true\" aria-invalid=\"false\" name=\"nachricht\"><\/textarea><\/span>\n<\/p>\n<p><label><strong>DATENSCHUTZ <small>(Pflichtfeld)<\/small><\/strong><br \/>\n<span class=\"wpcf7-form-control-wrap\" data-name=\"acceptance-666\"><span class=\"wpcf7-form-control wpcf7-acceptance\"><span class=\"wpcf7-list-item\"><label><input type=\"checkbox\" name=\"acceptance-666\" value=\"1\" aria-invalid=\"false\" \/><span class=\"wpcf7-list-item-label\">Ich habe die <a href=\"https:\/\/www.neeb-werbesysteme.de\/news\/datenschutz\/\" target=\"_blank\">Datenschutzerkl\u00e4rung<\/a> zur Kenntnis genommen.<br \/>Ich stimme zu, dass meine Angaben zur Kontaktaufnahme und f\u00fcr R\u00fcckfragen dauerhaft gespeichert werden.<\/span><\/label><\/span><\/span><\/span><\/label><br \/>\n<input class=\"wpcf7-form-control wpcf7-submit has-spinner\" id=\"form_senden\" type=\"submit\" value=\"Senden\" \/>\n<\/p><p style=\"display: none !important;\" class=\"akismet-fields-container\" data-prefix=\"_wpcf7_ak_\"><label>&#916;<textarea name=\"_wpcf7_ak_hp_textarea\" cols=\"45\" rows=\"8\" maxlength=\"100\"><\/textarea><\/label><input type=\"hidden\" id=\"ak_js_1\" name=\"_wpcf7_ak_js\" value=\"169\"\/><script type=\"text\/javascript\">\n\/* <![CDATA[ *\/\ndocument.getElementById( \"ak_js_1\" ).setAttribute( \"value\", ( new Date() ).getTime() );\n\/* ]]> *\/\n<\/script>\n<\/p><div class=\"wpcf7-response-output\" aria-hidden=\"true\"><\/div>\n<\/form>\n<\/div>\n<\/div><\/div>\n<\/div>\n","protected":false},"excerpt":{"rendered":"<p>Sie erhalten von uns unverbindliche und kostenlose Angebote im PDF-Format per E-Mail. Bestellungen sind per E-Mail, Fax oder Telefon m\u00f6glich. Ihre Bestellung wird gepr\u00fcft und Sie erhalten je nach Zahlungsmodalit\u00e4t eine Proforma-Rechnung oder Auftragsbest\u00e4tigung. Geben Sie bitte bei allen Zahlungen als Verwendungszweck Ihre Auftrags- bzw. Rechnungsnummer an. PayPal Zahlung Folgen Sie dem Link um Ihre [&hellip;]<\/p>\n","protected":false},"author":1,"featured_media":0,"parent":0,"menu_order":0,"comment_status":"open","ping_status":"open","template":"","meta":{"_acf_changed":false,"footnotes":""},"class_list":["post-78","page","type-page","status-publish"],"acf":[],"_links":{"self":[{"href":"https:\/\/www.neeb-werbesysteme.de\/news\/wp-json\/wp\/v2\/pages\/78","targetHints":{"allow":["GET"]}}],"collection":[{"href":"https:\/\/www.neeb-werbesysteme.de\/news\/wp-json\/wp\/v2\/pages"}],"about":[{"href":"https:\/\/www.neeb-werbesysteme.de\/news\/wp-json\/wp\/v2\/types\/page"}],"author":[{"embeddable":true,"href":"https:\/\/www.neeb-werbesysteme.de\/news\/wp-json\/wp\/v2\/users\/1"}],"replies":[{"embeddable":true,"href":"https:\/\/www.neeb-werbesysteme.de\/news\/wp-json\/wp\/v2\/comments?post=78"}],"version-history":[{"count":0,"href":"https:\/\/www.neeb-werbesysteme.de\/news\/wp-json\/wp\/v2\/pages\/78\/revisions"}],"wp:attachment":[{"href":"https:\/\/www.neeb-werbesysteme.de\/news\/wp-json\/wp\/v2\/media?parent=78"}],"curies":[{"name":"wp","href":"https:\/\/api.w.org\/{rel}","templated":true}]}}