{"id":67,"date":"2011-02-15T02:13:20","date_gmt":"2011-02-15T00:13:20","guid":{"rendered":"https:\/\/www.neeb-werbesysteme.de\/kalkulieren-anfragen\/"},"modified":"2018-06-04T11:59:56","modified_gmt":"2018-06-04T09:59:56","slug":"impressum","status":"publish","type":"page","link":"https:\/\/www.neeb-werbesysteme.de\/news\/impressum\/","title":{"rendered":"Impressum Neeb Werbesysteme"},"content":{"rendered":"<p><strong>Angaben gem\u00e4\u00df \u00a7 5 TMG:<\/strong><\/p>\n<p>Neeb Werbesysteme GmbH &amp; Co. KG<br \/>\nKissinger Stra\u00dfe 58<br \/>\nD 97762 Hammelburg<\/p>\n<p>Telefon +49 9732 91310<br \/>\nFax +49 9732 913131<br \/>\nE-Mail info@neeb-werbesysteme.de<\/p>\n<p>Sitz: Hammelburg<br \/>\nAmtsgericht: Schweinfurt<br \/>\nHandelsregister: HRA 9804<br \/>\nUSt-ID: DE 310 036 149<\/p>\n<p><strong>Pers\u00f6nlich haftende Gesellschafterin:<br \/>\n<\/strong><\/p>\n<p>NEEB-Verwaltungs-GmbH<br \/>\nKissinger Stra\u00dfe 58<br \/>\nD 97762 Hammelburg<\/p>\n<p>Sitz: Hammelburg<br \/>\nAmtsgericht: Schweinfurt<br \/>\nHandelsregister: HRB 7462<br \/>\nGesch\u00e4ftsf\u00fchrer: Jochen Neeb<\/p>\n<p>Herausgeber und verantwortlich f\u00fcr den Inhalt dieser Internetpr\u00e4senz gem\u00e4\u00df \u00a7 10 Absatz 3 MDStV ist Jochen Neeb, Kissinger Stra\u00dfe 58, 97762 Hammelburg, Telefon +49 973291310.<\/p>\n<p><strong>Haftung f\u00fcr Inhalte<\/strong><\/p>\n<p>Die Inhalte unserer Seiten wurden mit gr\u00f6\u00dfter Sorgfalt erstellt. F\u00fcr die Richtigkeit, Vollst\u00e4ndigkeit und Aktualit\u00e4t der Inhalte k\u00f6nnen wir jedoch keine Gew\u00e4hr \u00fcbernehmen. Als Diensteanbieter sind wir gem\u00e4\u00df \u00a76 Abs.1 MDStV und \u00a7 8 Abs.1 TDG f\u00fcr eigene Inhalte auf diesen Seiten nach den allgemeinen Gesetzen verantwortlich. Diensteanbieter sind jedoch nicht verpflichtet, die von ihnen \u00fcbermittelten oder gespeicherten fremden Informationen zu \u00fcberwachen oder nach Umst\u00e4nden zu forschen, die auf eine rechtswidrige T\u00e4tigkeit hinweisen. Verpflichtungen zur Entfernung oder Sperrung der Nutzung von Informationen nach den allgemeinen Gesetzen bleiben hiervon unber\u00fchrt. Eine diesbez\u00fcgliche Haftung ist jedoch erst ab dem Zeitpunkt der Kenntnis einer konkreten Rechtsverletzung m\u00f6glich. Bei bekannt werden von entsprechenden Rechtsverletzungen werden wir diese Inhalte umgehend entfernen.<\/p>\n<p><strong>Haftung f\u00fcr Links<\/strong><\/p>\n<p>Unser Angebot enth\u00e4lt Links zu externen Webseiten Dritter, auf deren Inhalte wir keinen Einfluss haben. F\u00fcr externe Links zu fremden Inhalten k\u00f6nnen wir trotz sorgf\u00e4ltiger inhaltlicher Kontrolle keine Haftung \u00fcbernehmen. F\u00fcr die Inhalte der verlinkten Seiten ist stets der jeweilige Anbieter oder Betreiber der Seiten verantwortlich. Die verlinkten Seiten wurden zum Zeitpunkt der Verlinkung auf m\u00f6gliche Rechtsverst\u00f6\u00dfe \u00fcberpr\u00fcft. Rechtswidrige Inhalte waren zum Zeitpunkt der Verlinkung nicht erkennbar. Eine permanente inhaltliche Kontrolle der verlinkten Seiten ist jedoch ohne konkrete Anhaltspunkte einer Rechtsverletzung nicht zumutbar. Bei bekannt werden von Rechtsverletzungen werden wir derartige Links umgehend entfernen.<\/p>\n<p><strong>Urheberrecht<\/strong><\/p>\n<p>Die Betreiber der Seiten sind bem\u00fcht, stets die Urheberrechte anderer zu beachten bzw. auf selbst erstellte sowie lizenzfreie Werke zur\u00fcckzugreifen. Die durch die Seitenbetreiber erstellten Inhalte und Werke auf diesen Seiten unterliegen dem deutschen Urheberrecht. Beitr\u00e4ge Dritter sind als solche gekennzeichnet. Die Vervielf\u00e4ltigung, Bearbeitung, Verbreitung und jede Art der Verwertung au\u00dferhalb der Grenzen des Urheberrechtes bed\u00fcrfen der schriftlichen Zustimmung des jeweiligen Autors bzw. Erstellers. Downloads und Kopien dieser Seite sind nur f\u00fcr den privaten, nicht kommerziellen Gebrauch gestattet.<\/p>\n<p><a title=\"Datenschutz\" href=\"https:\/\/www.neeb-werbesysteme.de\/news\/datenschutz\/\">Datenschutz und weitere rechtliche Hinweise<\/a><\/p>\n","protected":false},"excerpt":{"rendered":"<p>Angaben gem\u00e4\u00df \u00a7 5 TMG: Neeb Werbesysteme GmbH &amp; Co. KG Kissinger Stra\u00dfe 58 D 97762 Hammelburg Telefon +49 9732 91310 Fax +49 9732 913131 E-Mail info@neeb-werbesysteme.de Sitz: Hammelburg Amtsgericht: Schweinfurt Handelsregister: HRA 9804 USt-ID: DE 310 036 149 Pers\u00f6nlich haftende Gesellschafterin: NEEB-Verwaltungs-GmbH Kissinger Stra\u00dfe 58 D 97762 Hammelburg Sitz: Hammelburg Amtsgericht: Schweinfurt Handelsregister: HRB [&hellip;]<\/p>\n","protected":false},"author":1,"featured_media":0,"parent":0,"menu_order":0,"comment_status":"open","ping_status":"open","template":"","meta":{"_acf_changed":false,"footnotes":""},"class_list":["post-67","page","type-page","status-publish"],"acf":[],"_links":{"self":[{"href":"https:\/\/www.neeb-werbesysteme.de\/news\/wp-json\/wp\/v2\/pages\/67","targetHints":{"allow":["GET"]}}],"collection":[{"href":"https:\/\/www.neeb-werbesysteme.de\/news\/wp-json\/wp\/v2\/pages"}],"about":[{"href":"https:\/\/www.neeb-werbesysteme.de\/news\/wp-json\/wp\/v2\/types\/page"}],"author":[{"embeddable":true,"href":"https:\/\/www.neeb-werbesysteme.de\/news\/wp-json\/wp\/v2\/users\/1"}],"replies":[{"embeddable":true,"href":"https:\/\/www.neeb-werbesysteme.de\/news\/wp-json\/wp\/v2\/comments?post=67"}],"version-history":[{"count":0,"href":"https:\/\/www.neeb-werbesysteme.de\/news\/wp-json\/wp\/v2\/pages\/67\/revisions"}],"wp:attachment":[{"href":"https:\/\/www.neeb-werbesysteme.de\/news\/wp-json\/wp\/v2\/media?parent=67"}],"curies":[{"name":"wp","href":"https:\/\/api.w.org\/{rel}","templated":true}]}}