{"id":1617,"date":"2013-07-24T18:21:16","date_gmt":"2013-07-24T17:21:16","guid":{"rendered":"https:\/\/www.neeb-werbesysteme.de\/news\/?page_id=1617"},"modified":"2025-10-29T09:28:13","modified_gmt":"2025-10-29T08:28:13","slug":"daten","status":"publish","type":"page","link":"https:\/\/www.neeb-werbesysteme.de\/news\/daten\/","title":{"rendered":"Datenmanagement"},"content":{"rendered":"<p><strong>Druckvorgaben Bannerdruck<\/strong><br \/>\nDruckvorgaben f\u00fcr alle Bannerdrucke auf Meshplane (Gitternetz), Frontlitplane (Vollplane), Reflexplane, BlockOut-Plane, Meshpolyester und Fahnenstoffe.<\/p>\n<ul>\n<li><a href=\"https:\/\/www.neeb-werbesysteme.de\/news\/daten\/druckvorgaben-bannerdruck\/\">Druckvorgaben Bannerdruck<\/a><\/li>\n<\/ul>\n<p><strong>Druckvorgaben Folienplotts<\/strong><br \/>\nDruckvorgaben f\u00fcr Plotts auf Klebefolien und Konturschnitt.<\/p>\n<ul>\n<li><a href=\"https:\/\/www.neeb-werbesysteme.de\/news\/daten\/druckvorgaben-folienplotts\/\">Druckvorgaben Folienplotts<\/a><\/li>\n<\/ul>\n<p><strong>DATEN\u00dcBERMITTLUNG<\/strong><br \/>\nSo kommen Ihre Daten zu uns.<\/p>\n<ul>\n<li><a href=\"https:\/\/www.neeb-werbesysteme.de\/news\/daten\/datenanlieferung\/\">Datenanlieferung<\/a><\/li>\n<\/ul>\n<p><strong>DATENCHECK<\/strong><br \/>\nSo werden Daten gepr\u00fcft.<\/p>\n<ul>\n<li><a href=\"https:\/\/www.neeb-werbesysteme.de\/news\/daten\/datencheck\/\">Datencheck<\/a><\/li>\n<\/ul>\n<p><strong>SATZ-\/LAYOUTSERVICE<\/strong><br \/>\nSo setzen wir Ihre W\u00fcnsche um.<\/p>\n<ul>\n<li><a href=\"https:\/\/www.neeb-werbesysteme.de\/news\/daten\/satz-layoutservice\/\">Satz- &amp; Layoutservice<\/a><\/li>\n<\/ul>\n","protected":false},"excerpt":{"rendered":"<p>Druckvorgaben Bannerdruck Druckvorgaben f\u00fcr alle Bannerdrucke auf Meshplane (Gitternetz), Frontlitplane (Vollplane), Reflexplane, BlockOut-Plane, Meshpolyester und Fahnenstoffe. Druckvorgaben Bannerdruck Druckvorgaben Folienplotts Druckvorgaben f\u00fcr Plotts auf Klebefolien und Konturschnitt. Druckvorgaben Folienplotts DATEN\u00dcBERMITTLUNG So kommen Ihre Daten zu uns. Datenanlieferung DATENCHECK So werden Daten gepr\u00fcft. Datencheck SATZ-\/LAYOUTSERVICE So setzen wir Ihre W\u00fcnsche um. Satz- &amp; Layoutservice<\/p>\n","protected":false},"author":1,"featured_media":0,"parent":0,"menu_order":0,"comment_status":"open","ping_status":"open","template":"","meta":{"_acf_changed":false,"footnotes":""},"class_list":["post-1617","page","type-page","status-publish"],"acf":[],"_links":{"self":[{"href":"https:\/\/www.neeb-werbesysteme.de\/news\/wp-json\/wp\/v2\/pages\/1617","targetHints":{"allow":["GET"]}}],"collection":[{"href":"https:\/\/www.neeb-werbesysteme.de\/news\/wp-json\/wp\/v2\/pages"}],"about":[{"href":"https:\/\/www.neeb-werbesysteme.de\/news\/wp-json\/wp\/v2\/types\/page"}],"author":[{"embeddable":true,"href":"https:\/\/www.neeb-werbesysteme.de\/news\/wp-json\/wp\/v2\/users\/1"}],"replies":[{"embeddable":true,"href":"https:\/\/www.neeb-werbesysteme.de\/news\/wp-json\/wp\/v2\/comments?post=1617"}],"version-history":[{"count":5,"href":"https:\/\/www.neeb-werbesysteme.de\/news\/wp-json\/wp\/v2\/pages\/1617\/revisions"}],"predecessor-version":[{"id":10334,"href":"https:\/\/www.neeb-werbesysteme.de\/news\/wp-json\/wp\/v2\/pages\/1617\/revisions\/10334"}],"wp:attachment":[{"href":"https:\/\/www.neeb-werbesysteme.de\/news\/wp-json\/wp\/v2\/media?parent=1617"}],"curies":[{"name":"wp","href":"https:\/\/api.w.org\/{rel}","templated":true}]}}